{"id":3,"date":"2025-07-13T15:08:53","date_gmt":"2025-07-13T13:08:53","guid":{"rendered":"https:\/\/almahifashion.com\/?page_id=3"},"modified":"2025-07-15T17:51:37","modified_gmt":"2025-07-15T15:51:37","slug":"politique-de-confidentialite","status":"publish","type":"page","link":"https:\/\/almahifashion.com\/index.php\/politique-de-confidentialite\/","title":{"rendered":"Politique de confidentialit\u00e9"},"content":{"rendered":"\n<h2 class=\"wp-block-heading\"><strong>Protection de vos donn\u00e9es personnelles<\/strong><\/h2>\n\n\n\n<p>Chez <strong>Al Mahi<\/strong>, nous accordons une grande importance \u00e0 la confidentialit\u00e9 de vos informations. Toutes les donn\u00e9es collect\u00e9es via notre site (formulaire de commande, contact, abonnement \u00e0 la newsletter) sont utilis\u00e9es exclusivement dans le cadre de notre relation commerciale.<\/p>\n\n\n\n<p><strong>Les donn\u00e9es que nous collectons peuvent inclure :<\/strong><\/p>\n\n\n\n<ul class=\"wp-block-list\">\n<li>Votre nom et pr\u00e9nom<\/li>\n\n\n\n<li>Vos coordonn\u00e9es professionnelles (t\u00e9l\u00e9phone, e-mail, adresse)<\/li>\n\n\n\n<li>Vos pr\u00e9f\u00e9rences de commande ou d\u2019abonnement<\/li>\n<\/ul>\n\n\n\n<p>Ces informations sont utilis\u00e9es pour :<\/p>\n\n\n\n<ul class=\"wp-block-list\">\n<li>Traiter vos commandes<\/li>\n\n\n\n<li>Vous contacter concernant votre demande ou commande<\/li>\n\n\n\n<li>Vous envoyer, avec votre accord, des communications commerciales li\u00e9es \u00e0 nos collections ou offres<\/li>\n<\/ul>\n\n\n\n<p>Nous ne vendons, partageons ni ne louons vos donn\u00e9es \u00e0 des tiers.<br>Vous pouvez \u00e0 tout moment demander l\u2019acc\u00e8s, la modification ou la suppression de vos donn\u00e9es personnelles en nous contactant \u00e0 l\u2019adresse suivante :<br>\ud83d\udce7 <strong><a>contact@almahifashion.com<\/a><\/strong><\/p>\n\n\n\n<p>\ud83d\udcf1 <strong>+212 658-899561<\/strong><\/p>\n\n\n\n<p><\/p>\n\n    <div class=\"xs_social_share_widget xs_share_url after_content \t\tmain_content  wslu-style-1 wslu-share-box-shaped wslu-fill-colored wslu-none wslu-share-horizontal wslu-theme-font-no wslu-main_content\">\n\n\t\t\n        <ul>\n\t\t\t        <\/ul>\n    <\/div> \n","protected":false},"excerpt":{"rendered":"<p>Protection de vos donn\u00e9es personnelles Chez Al Mahi, nous accordons une grande importance \u00e0 la confidentialit\u00e9 de vos informations. Toutes les donn\u00e9es collect\u00e9es via notre site (formulaire de commande, contact, abonnement \u00e0 la newsletter) sont utilis\u00e9es exclusivement dans le cadre de notre relation commerciale. Les donn\u00e9es que nous collectons peuvent inclure : Ces informations sont &hellip; <\/p>\n<p class=\"link-more\"><a href=\"https:\/\/almahifashion.com\/index.php\/politique-de-confidentialite\/\" class=\"more-link\">Lire la suite de<span class=\"screen-reader-text\">\u00ab\u00a0Politique de confidentialit\u00e9\u00a0\u00bb<\/span><\/a><\/p>\n","protected":false},"author":1,"featured_media":0,"parent":0,"menu_order":0,"comment_status":"closed","ping_status":"closed","template":"","meta":{"_eb_attr":"","postBodyCss":"","postBodyMargin":[],"postBodyPadding":[],"postBodyBackground":{"backgroundType":"classic","gradient":""},"footnotes":""},"class_list":["post-3","page","type-page","status-publish","hentry"],"jetpack_sharing_enabled":true,"featured_media_urls":[],"_links":{"self":[{"href":"https:\/\/almahifashion.com\/index.php\/wp-json\/wp\/v2\/pages\/3","targetHints":{"allow":["GET"]}}],"collection":[{"href":"https:\/\/almahifashion.com\/index.php\/wp-json\/wp\/v2\/pages"}],"about":[{"href":"https:\/\/almahifashion.com\/index.php\/wp-json\/wp\/v2\/types\/page"}],"author":[{"embeddable":true,"href":"https:\/\/almahifashion.com\/index.php\/wp-json\/wp\/v2\/users\/1"}],"replies":[{"embeddable":true,"href":"https:\/\/almahifashion.com\/index.php\/wp-json\/wp\/v2\/comments?post=3"}],"version-history":[{"count":1,"href":"https:\/\/almahifashion.com\/index.php\/wp-json\/wp\/v2\/pages\/3\/revisions"}],"predecessor-version":[{"id":6964,"href":"https:\/\/almahifashion.com\/index.php\/wp-json\/wp\/v2\/pages\/3\/revisions\/6964"}],"wp:attachment":[{"href":"https:\/\/almahifashion.com\/index.php\/wp-json\/wp\/v2\/media?parent=3"}],"curies":[{"name":"wp","href":"https:\/\/api.w.org\/{rel}","templated":true}]}}