{"id":5592,"date":"2016-12-05T09:17:34","date_gmt":"2016-12-05T09:17:34","guid":{"rendered":"https:\/\/demo.wpzoom.com\/inspiro\/?page_id=5592"},"modified":"2025-07-16T12:34:37","modified_gmt":"2025-07-16T10:34:37","slug":"a-propos","status":"publish","type":"page","link":"https:\/\/almahifashion.com\/index.php\/a-propos\/","title":{"rendered":"\u00c0 propos"},"content":{"rendered":"\t\t<div data-elementor-type=\"wp-page\" data-elementor-id=\"5592\" class=\"elementor elementor-5592\">\n\t\t\t\t<div class=\"elementor-element elementor-element-110d4d2 e-flex e-con-boxed e-con e-parent\" data-id=\"110d4d2\" data-element_type=\"container\">\n\t\t\t\t\t<div class=\"e-con-inner\">\n\t\t\t\t<div class=\"elementor-element elementor-element-bb30e85 elementor-widget elementor-widget-image\" data-id=\"bb30e85\" data-element_type=\"widget\" data-widget_type=\"image.default\">\n\t\t\t\t\t\t\t\t\t\t\t\t\t\t\t<img fetchpriority=\"high\" decoding=\"async\" width=\"950\" height=\"620\" src=\"https:\/\/almahifashion.com\/wp-content\/uploads\/2025\/07\/hijab-muslim-and-woman-in-beauty-portrait-for-cos-2025-04-06-08-43-18-utc-2-1024x668.jpg\" class=\"attachment-large size-large wp-image-6931\" alt=\"\" srcset=\"https:\/\/almahifashion.com\/wp-content\/uploads\/2025\/07\/hijab-muslim-and-woman-in-beauty-portrait-for-cos-2025-04-06-08-43-18-utc-2-1024x668.jpg 1024w, https:\/\/almahifashion.com\/wp-content\/uploads\/2025\/07\/hijab-muslim-and-woman-in-beauty-portrait-for-cos-2025-04-06-08-43-18-utc-2-300x196.jpg 300w, https:\/\/almahifashion.com\/wp-content\/uploads\/2025\/07\/hijab-muslim-and-woman-in-beauty-portrait-for-cos-2025-04-06-08-43-18-utc-2-2000x1305.jpg 2000w, https:\/\/almahifashion.com\/wp-content\/uploads\/2025\/07\/hijab-muslim-and-woman-in-beauty-portrait-for-cos-2025-04-06-08-43-18-utc-2-scaled-1536x1002.jpg 1536w, https:\/\/almahifashion.com\/wp-content\/uploads\/2025\/07\/hijab-muslim-and-woman-in-beauty-portrait-for-cos-2025-04-06-08-43-18-utc-2-scaled-2048x1336.jpg 2048w, https:\/\/almahifashion.com\/wp-content\/uploads\/2025\/07\/hijab-muslim-and-woman-in-beauty-portrait-for-cos-2025-04-06-08-43-18-utc-2-scaled-1320x861.jpg 1320w, https:\/\/almahifashion.com\/wp-content\/uploads\/2025\/07\/hijab-muslim-and-woman-in-beauty-portrait-for-cos-2025-04-06-08-43-18-utc-2-scaled-600x391.jpg 600w, https:\/\/almahifashion.com\/wp-content\/uploads\/2025\/07\/hijab-muslim-and-woman-in-beauty-portrait-for-cos-2025-04-06-08-43-18-utc-2-scaled-1200x783.jpg 1200w, https:\/\/almahifashion.com\/wp-content\/uploads\/2025\/07\/hijab-muslim-and-woman-in-beauty-portrait-for-cos-2025-04-06-08-43-18-utc-2-scaled-18x12.jpg 18w\" sizes=\"100vw\" \/>\t\t\t\t\t\t\t\t\t\t\t\t\t\t\t<\/div>\n\t\t\t\t\t<\/div>\n\t\t\t\t<\/div>\n\t\t\t\t<section class=\"elementor-section elementor-top-section elementor-element elementor-element-6dd5e545 elementor-section-boxed elementor-section-height-default elementor-section-height-default\" data-id=\"6dd5e545\" data-element_type=\"section\">\n\t\t\t\t\t\t<div class=\"elementor-container elementor-column-gap-no\">\n\t\t\t\t\t<div class=\"elementor-column elementor-col-100 elementor-top-column elementor-element elementor-element-35934f08\" data-id=\"35934f08\" data-element_type=\"column\">\n\t\t\t<div class=\"elementor-widget-wrap elementor-element-populated\">\n\t\t\t\t\t\t<section class=\"elementor-section elementor-inner-section elementor-element elementor-element-7a19ee1 elementor-section-full_width elementor-section-height-default elementor-section-height-default\" data-id=\"7a19ee1\" data-element_type=\"section\">\n\t\t\t\t\t\t<div class=\"elementor-container elementor-column-gap-no\">\n\t\t\t\t\t<div class=\"elementor-column elementor-col-100 elementor-inner-column elementor-element elementor-element-371c4441\" data-id=\"371c4441\" data-element_type=\"column\">\n\t\t\t<div class=\"elementor-widget-wrap elementor-element-populated\">\n\t\t\t\t\t\t<div class=\"elementor-element elementor-element-14e4796c elementor-widget elementor-widget-text-editor\" data-id=\"14e4796c\" data-element_type=\"widget\" data-widget_type=\"text-editor.default\">\n\t\t\t\t\t\t\t\t\t<h3 data-start=\"294\" data-end=\"337\"><strong data-start=\"298\" data-end=\"337\">L\u2019h\u00e9ritage au service de l\u2019\u00e9l\u00e9gance<\/strong><\/h3><p data-start=\"339\" data-end=\"641\">N\u00e9e du savoir-faire textile du Golfe et pens\u00e9e pour le march\u00e9 marocain, <strong data-start=\"411\" data-end=\"422\">Al Mahi<\/strong> est une marque B2B sp\u00e9cialis\u00e9e dans les ch\u00e2les haut de gamme, destin\u00e9e aux revendeurs, boutiques et concept stores.<br data-start=\"538\" data-end=\"541\" \/>Nous proposons une s\u00e9lection exclusive de ch\u00e2les en cr\u00eape, alliant douceur, fluidit\u00e9 et raffinement.<\/p><p data-start=\"643\" data-end=\"883\">Chez Al Mahi, nous croyons que chaque pi\u00e8ce que vous proposez \u00e0 vos clientes raconte une histoire. C\u2019est pourquoi nous cr\u00e9ons des collections pens\u00e9es pour valoriser votre offre, tout en respectant les codes de la mode modeste contemporaine.<\/p>\t\t\t\t\t\t\t\t<\/div>\n\t\t\t\t\t<\/div>\n\t\t<\/div>\n\t\t\t\t\t<\/div>\n\t\t<\/section>\n\t\t\t\t\t<\/div>\n\t\t<\/div>\n\t\t\t\t\t<\/div>\n\t\t<\/section>\n\t\t\t\t<section class=\"elementor-section elementor-top-section elementor-element elementor-element-5c1af12d elementor-section-full_width elementor-section-height-default elementor-section-height-default\" data-id=\"5c1af12d\" data-element_type=\"section\" data-settings=\"{&quot;background_background&quot;:&quot;classic&quot;}\">\n\t\t\t\t\t\t\t<div class=\"elementor-background-overlay\"><\/div>\n\t\t\t\t\t\t\t<div class=\"elementor-container elementor-column-gap-no\">\n\t\t\t\t\t<div class=\"elementor-column elementor-col-100 elementor-top-column elementor-element elementor-element-14518587\" data-id=\"14518587\" data-element_type=\"column\">\n\t\t\t<div class=\"elementor-widget-wrap elementor-element-populated\">\n\t\t\t\t\t\t<section class=\"elementor-section elementor-inner-section elementor-element elementor-element-5c5beca5 elementor-section-boxed elementor-section-height-default elementor-section-height-default\" data-id=\"5c5beca5\" data-element_type=\"section\">\n\t\t\t\t\t\t<div class=\"elementor-container elementor-column-gap-default\">\n\t\t\t\t\t<div class=\"elementor-column elementor-col-100 elementor-inner-column elementor-element elementor-element-ff6440c\" data-id=\"ff6440c\" data-element_type=\"column\">\n\t\t\t<div class=\"elementor-widget-wrap elementor-element-populated\">\n\t\t\t\t\t\t<div class=\"elementor-element elementor-element-6e09da47 elementor-widget elementor-widget-heading\" data-id=\"6e09da47\" data-element_type=\"widget\" data-widget_type=\"heading.default\">\n\t\t\t\t\t<h2 class=\"elementor-heading-title elementor-size-default\">Nos valeurs<\/h2>\t\t\t\t<\/div>\n\t\t\t\t\t<\/div>\n\t\t<\/div>\n\t\t\t\t\t<\/div>\n\t\t<\/section>\n\t\t\t\t<section class=\"elementor-section elementor-inner-section elementor-element elementor-element-274b4e2b elementor-section-boxed elementor-section-height-default elementor-section-height-default\" data-id=\"274b4e2b\" data-element_type=\"section\">\n\t\t\t\t\t\t<div class=\"elementor-container elementor-column-gap-default\">\n\t\t\t\t\t<div class=\"elementor-column elementor-col-33 elementor-inner-column elementor-element elementor-element-48587518\" data-id=\"48587518\" data-element_type=\"column\">\n\t\t\t<div class=\"elementor-widget-wrap elementor-element-populated\">\n\t\t\t\t\t\t<div class=\"elementor-element elementor-element-1736ddb9 elementor-view-default elementor-position-top elementor-mobile-position-top elementor-widget elementor-widget-icon-box\" data-id=\"1736ddb9\" data-element_type=\"widget\" data-widget_type=\"icon-box.default\">\n\t\t\t\t\t\t\t<div class=\"elementor-icon-box-wrapper\">\n\n\t\t\t\t\t\t<div class=\"elementor-icon-box-icon\">\n\t\t\t\t<span  class=\"elementor-icon\">\n\t\t\t\t<svg aria-hidden=\"true\" class=\"e-font-icon-svg e-far-eye\" viewBox=\"0 0 576 512\" xmlns=\"http:\/\/www.w3.org\/2000\/svg\"><path d=\"M288 144a110.94 110.94 0 0 0-31.24 5 55.4 55.4 0 0 1 7.24 27 56 56 0 0 1-56 56 55.4 55.4 0 0 1-27-7.24A111.71 111.71 0 1 0 288 144zm284.52 97.4C518.29 135.59 410.93 64 288 64S57.68 135.64 3.48 241.41a32.35 32.35 0 0 0 0 29.19C57.71 376.41 165.07 448 288 448s230.32-71.64 284.52-177.41a32.35 32.35 0 0 0 0-29.19zM288 400c-98.65 0-189.09-55-237.93-144C98.91 167 189.34 112 288 112s189.09 55 237.93 144C477.1 345 386.66 400 288 400z\"><\/path><\/svg>\t\t\t\t<\/span>\n\t\t\t<\/div>\n\t\t\t\n\t\t\t\t\t\t<div class=\"elementor-icon-box-content\">\n\n\t\t\t\t\t\t\t\t\t<h3 class=\"elementor-icon-box-title\">\n\t\t\t\t\t\t<span  >\n\t\t\t\t\t\t\tRaffinement\t\t\t\t\t\t<\/span>\n\t\t\t\t\t<\/h3>\n\t\t\t\t\n\t\t\t\t\t\t\t\t\t<p class=\"elementor-icon-box-description\">\n\t\t\t\t\t\tdans chaque texture, chaque finition, chaque teinte.\t\t\t\t\t<\/p>\n\t\t\t\t\n\t\t\t<\/div>\n\t\t\t\n\t\t<\/div>\n\t\t\t\t\t\t<\/div>\n\t\t\t\t\t<\/div>\n\t\t<\/div>\n\t\t\t\t<div class=\"elementor-column elementor-col-33 elementor-inner-column elementor-element elementor-element-7d500c49\" data-id=\"7d500c49\" data-element_type=\"column\">\n\t\t\t<div class=\"elementor-widget-wrap elementor-element-populated\">\n\t\t\t\t\t\t<div class=\"elementor-element elementor-element-4b565a93 elementor-view-default elementor-position-top elementor-mobile-position-top elementor-widget elementor-widget-icon-box\" data-id=\"4b565a93\" data-element_type=\"widget\" data-widget_type=\"icon-box.default\">\n\t\t\t\t\t\t\t<div class=\"elementor-icon-box-wrapper\">\n\n\t\t\t\t\t\t<div class=\"elementor-icon-box-icon\">\n\t\t\t\t<span  class=\"elementor-icon\">\n\t\t\t\t<svg aria-hidden=\"true\" class=\"e-font-icon-svg e-fas-grip-lines\" viewBox=\"0 0 512 512\" xmlns=\"http:\/\/www.w3.org\/2000\/svg\"><path d=\"M496 288H16c-8.8 0-16 7.2-16 16v32c0 8.8 7.2 16 16 16h480c8.8 0 16-7.2 16-16v-32c0-8.8-7.2-16-16-16zm0-128H16c-8.8 0-16 7.2-16 16v32c0 8.8 7.2 16 16 16h480c8.8 0 16-7.2 16-16v-32c0-8.8-7.2-16-16-16z\"><\/path><\/svg>\t\t\t\t<\/span>\n\t\t\t<\/div>\n\t\t\t\n\t\t\t\t\t\t<div class=\"elementor-icon-box-content\">\n\n\t\t\t\t\t\t\t\t\t<h3 class=\"elementor-icon-box-title\">\n\t\t\t\t\t\t<span  >\n\t\t\t\t\t\t\tConstance\t\t\t\t\t\t<\/span>\n\t\t\t\t\t<\/h3>\n\t\t\t\t\n\t\t\t\t\t\t\t\t\t<p class=\"elementor-icon-box-description\">\n\t\t\t\t\t\tune qualit\u00e9 stable, un service fiable, un accompagnement durable.\t\t\t\t\t<\/p>\n\t\t\t\t\n\t\t\t<\/div>\n\t\t\t\n\t\t<\/div>\n\t\t\t\t\t\t<\/div>\n\t\t\t\t\t<\/div>\n\t\t<\/div>\n\t\t\t\t<div class=\"elementor-column elementor-col-33 elementor-inner-column elementor-element elementor-element-6ab5dd51\" data-id=\"6ab5dd51\" data-element_type=\"column\">\n\t\t\t<div class=\"elementor-widget-wrap elementor-element-populated\">\n\t\t\t\t\t\t<div class=\"elementor-element elementor-element-56009c54 elementor-view-default elementor-position-top elementor-mobile-position-top elementor-widget elementor-widget-icon-box\" data-id=\"56009c54\" data-element_type=\"widget\" data-widget_type=\"icon-box.default\">\n\t\t\t\t\t\t\t<div class=\"elementor-icon-box-wrapper\">\n\n\t\t\t\t\t\t<div class=\"elementor-icon-box-icon\">\n\t\t\t\t<span  class=\"elementor-icon\">\n\t\t\t\t<svg aria-hidden=\"true\" class=\"e-font-icon-svg e-far-check-circle\" viewBox=\"0 0 512 512\" xmlns=\"http:\/\/www.w3.org\/2000\/svg\"><path d=\"M256 8C119.033 8 8 119.033 8 256s111.033 248 248 248 248-111.033 248-248S392.967 8 256 8zm0 48c110.532 0 200 89.451 200 200 0 110.532-89.451 200-200 200-110.532 0-200-89.451-200-200 0-110.532 89.451-200 200-200m140.204 130.267l-22.536-22.718c-4.667-4.705-12.265-4.736-16.97-.068L215.346 303.697l-59.792-60.277c-4.667-4.705-12.265-4.736-16.97-.069l-22.719 22.536c-4.705 4.667-4.736 12.265-.068 16.971l90.781 91.516c4.667 4.705 12.265 4.736 16.97.068l172.589-171.204c4.704-4.668 4.734-12.266.067-16.971z\"><\/path><\/svg>\t\t\t\t<\/span>\n\t\t\t<\/div>\n\t\t\t\n\t\t\t\t\t\t<div class=\"elementor-icon-box-content\">\n\n\t\t\t\t\t\t\t\t\t<h3 class=\"elementor-icon-box-title\">\n\t\t\t\t\t\t<span  >\n\t\t\t\t\t\t\tSimplicit\u00e9\t\t\t\t\t\t<\/span>\n\t\t\t\t\t<\/h3>\n\t\t\t\t\n\t\t\t\t\t\t\t\t\t<p class=\"elementor-icon-box-description\">\n\t\t\t\t\t\tune exp\u00e9rience d\u2019achat claire, rapide et adapt\u00e9e aux besoins des professionnels.\t\t\t\t\t<\/p>\n\t\t\t\t\n\t\t\t<\/div>\n\t\t\t\n\t\t<\/div>\n\t\t\t\t\t\t<\/div>\n\t\t\t\t\t<\/div>\n\t\t<\/div>\n\t\t\t\t\t<\/div>\n\t\t<\/section>\n\t\t\t\t\t<\/div>\n\t\t<\/div>\n\t\t\t\t\t<\/div>\n\t\t<\/section>\n\t\t<div class=\"elementor-element elementor-element-f0a32fa e-flex e-con-boxed e-con e-parent\" data-id=\"f0a32fa\" data-element_type=\"container\">\n\t\t\t\t\t<div class=\"e-con-inner\">\n\t\t<div class=\"elementor-element elementor-element-ae65f5e e-con-full e-flex e-con e-child\" data-id=\"ae65f5e\" data-element_type=\"container\">\n\t\t\t\t<div class=\"elementor-element elementor-element-0c3a359 elementor-widget elementor-widget-image\" data-id=\"0c3a359\" data-element_type=\"widget\" data-widget_type=\"image.default\">\n\t\t\t\t\t\t\t\t\t\t\t\t\t\t\t<img decoding=\"async\" width=\"950\" height=\"634\" src=\"https:\/\/almahifashion.com\/wp-content\/uploads\/2025\/07\/happy-muslim-friends-2024-10-16-00-47-20-utc-1024x683.jpg\" class=\"attachment-large size-large wp-image-6924\" alt=\"\" srcset=\"https:\/\/almahifashion.com\/wp-content\/uploads\/2025\/07\/happy-muslim-friends-2024-10-16-00-47-20-utc-1024x683.jpg 1024w, https:\/\/almahifashion.com\/wp-content\/uploads\/2025\/07\/happy-muslim-friends-2024-10-16-00-47-20-utc-300x200.jpg 300w, https:\/\/almahifashion.com\/wp-content\/uploads\/2025\/07\/happy-muslim-friends-2024-10-16-00-47-20-utc-2000x1333.jpg 2000w, https:\/\/almahifashion.com\/wp-content\/uploads\/2025\/07\/happy-muslim-friends-2024-10-16-00-47-20-utc-scaled-1536x1024.jpg 1536w, https:\/\/almahifashion.com\/wp-content\/uploads\/2025\/07\/happy-muslim-friends-2024-10-16-00-47-20-utc-scaled-2048x1366.jpg 2048w, https:\/\/almahifashion.com\/wp-content\/uploads\/2025\/07\/happy-muslim-friends-2024-10-16-00-47-20-utc-scaled-1320x880.jpg 1320w, https:\/\/almahifashion.com\/wp-content\/uploads\/2025\/07\/happy-muslim-friends-2024-10-16-00-47-20-utc-scaled-600x400.jpg 600w, https:\/\/almahifashion.com\/wp-content\/uploads\/2025\/07\/happy-muslim-friends-2024-10-16-00-47-20-utc-scaled-1200x800.jpg 1200w, https:\/\/almahifashion.com\/wp-content\/uploads\/2025\/07\/happy-muslim-friends-2024-10-16-00-47-20-utc-scaled-18x12.jpg 18w\" sizes=\"100vw\" \/>\t\t\t\t\t\t\t\t\t\t\t\t\t\t\t<\/div>\n\t\t\t\t<\/div>\n\t\t<div class=\"elementor-element elementor-element-b2a8abd e-con-full e-flex e-con e-child\" data-id=\"b2a8abd\" data-element_type=\"container\">\n\t\t\t\t<div class=\"elementor-element elementor-element-7c13f46 elementor-widget elementor-widget-text-editor\" data-id=\"7c13f46\" data-element_type=\"widget\" data-widget_type=\"text-editor.default\">\n\t\t\t\t\t\t\t\t\t<h3 data-start=\"294\" data-end=\"337\">Notre promesse qualit\u00e9<\/h3><p data-start=\"339\" data-end=\"641\">Chaque ch\u00e2le sign\u00e9 Al Mahi est fabriqu\u00e9 avec un tissu l\u00e9ger, respirant et soigneusement s\u00e9lectionn\u00e9.<br data-start=\"1424\" data-end=\"1427\" \/>Nos produits sont con\u00e7us pour durer dans le temps, supporter les lavages r\u00e9p\u00e9t\u00e9s, et rester agr\u00e9ables \u00e0 porter au quotidien.<br data-start=\"1551\" data-end=\"1554\" \/>Nous assurons un <strong data-start=\"1571\" data-end=\"1601\">contr\u00f4le qualit\u00e9 rigoureux<\/strong> avant chaque exp\u00e9dition et proposons une logistique fluide \u00e0 l\u2019\u00e9chelle nationale.<\/p>\t\t\t\t\t\t\t\t<\/div>\n\t\t\t\t<\/div>\n\t\t\t\t\t<\/div>\n\t\t\t\t<\/div>\n\t\t\t\t<\/div>\n\t\t\n    <div class=\"xs_social_share_widget xs_share_url after_content \t\tmain_content  wslu-style-1 wslu-share-box-shaped wslu-fill-colored wslu-none wslu-share-horizontal wslu-theme-font-no wslu-main_content\">\n\n\t\t\n        <ul>\n\t\t\t        <\/ul>\n    <\/div> \n","protected":false},"excerpt":{"rendered":"<p>L\u2019h\u00e9ritage au service de l\u2019\u00e9l\u00e9gance N\u00e9e du savoir-faire textile du Golfe et pens\u00e9e pour le march\u00e9 marocain, Al Mahi est une marque B2B sp\u00e9cialis\u00e9e dans les ch\u00e2les haut de gamme, destin\u00e9e aux revendeurs, boutiques et concept stores.Nous proposons une s\u00e9lection exclusive de ch\u00e2les en cr\u00eape, alliant douceur, fluidit\u00e9 et raffinement. Chez Al Mahi, nous croyons &hellip; <\/p>\n<p class=\"link-more\"><a href=\"https:\/\/almahifashion.com\/index.php\/a-propos\/\" class=\"more-link\">Lire la suite de<span class=\"screen-reader-text\">\u00ab\u00a0\u00c0 propos\u00a0\u00bb<\/span><\/a><\/p>\n","protected":false},"author":1,"featured_media":0,"parent":0,"menu_order":0,"comment_status":"closed","ping_status":"closed","template":"page-templates\/full-width-builder-bb.php","meta":{"_eb_attr":"","postBodyCss":"","postBodyMargin":[],"postBodyPadding":[],"postBodyBackground":{"backgroundType":"classic","gradient":""},"footnotes":""},"class_list":["post-5592","page","type-page","status-publish","hentry"],"jetpack_sharing_enabled":true,"featured_media_urls":[],"_links":{"self":[{"href":"https:\/\/almahifashion.com\/index.php\/wp-json\/wp\/v2\/pages\/5592","targetHints":{"allow":["GET"]}}],"collection":[{"href":"https:\/\/almahifashion.com\/index.php\/wp-json\/wp\/v2\/pages"}],"about":[{"href":"https:\/\/almahifashion.com\/index.php\/wp-json\/wp\/v2\/types\/page"}],"author":[{"embeddable":true,"href":"https:\/\/almahifashion.com\/index.php\/wp-json\/wp\/v2\/users\/1"}],"replies":[{"embeddable":true,"href":"https:\/\/almahifashion.com\/index.php\/wp-json\/wp\/v2\/comments?post=5592"}],"version-history":[{"count":16,"href":"https:\/\/almahifashion.com\/index.php\/wp-json\/wp\/v2\/pages\/5592\/revisions"}],"predecessor-version":[{"id":7000,"href":"https:\/\/almahifashion.com\/index.php\/wp-json\/wp\/v2\/pages\/5592\/revisions\/7000"}],"wp:attachment":[{"href":"https:\/\/almahifashion.com\/index.php\/wp-json\/wp\/v2\/media?parent=5592"}],"curies":[{"name":"wp","href":"https:\/\/api.w.org\/{rel}","templated":true}]}}